{"id":767,"date":"2022-05-20T15:06:20","date_gmt":"2022-05-20T18:06:20","guid":{"rendered":"https:\/\/www.claeq.org.br\/contacto\/"},"modified":"2023-03-13T15:06:58","modified_gmt":"2023-03-13T18:06:58","slug":"contacto","status":"publish","type":"page","link":"https:\/\/www.claeq.org.br\/es\/contacto\/","title":{"rendered":"Contacto"},"content":{"rendered":"\t\t<div data-elementor-type=\"wp-page\" data-elementor-id=\"767\" class=\"elementor elementor-767 elementor-59\" data-elementor-settings=\"{&quot;ha_cmc_init_switcher&quot;:&quot;no&quot;}\" data-elementor-post-type=\"page\">\n\t\t\t\t\t\t<section class=\"elementor-section elementor-top-section elementor-element elementor-element-ac6bbb9 elementor-section-stretched elementor-section-height-min-height elementor-section-boxed elementor-section-height-default elementor-section-items-middle\" data-id=\"ac6bbb9\" data-element_type=\"section\" data-settings=\"{&quot;stretch_section&quot;:&quot;section-stretched&quot;,&quot;background_background&quot;:&quot;classic&quot;,&quot;_ha_eqh_enable&quot;:false}\">\n\t\t\t\t\t\t<div class=\"elementor-container elementor-column-gap-default\">\n\t\t\t\t\t<div class=\"elementor-column elementor-col-100 elementor-top-column elementor-element elementor-element-3ec19f4\" data-id=\"3ec19f4\" data-element_type=\"column\">\n\t\t\t<div class=\"elementor-widget-wrap\">\n\t\t\t\t\t\t\t<\/div>\n\t\t<\/div>\n\t\t\t\t\t<\/div>\n\t\t<\/section>\n\t\t\t\t<section class=\"elementor-section elementor-top-section elementor-element elementor-element-f1b57e5 elementor-section-boxed elementor-section-height-default elementor-section-height-default\" data-id=\"f1b57e5\" data-element_type=\"section\" data-settings=\"{&quot;_ha_eqh_enable&quot;:false}\">\n\t\t\t\t\t\t<div class=\"elementor-container elementor-column-gap-default\">\n\t\t\t\t\t<div class=\"elementor-column elementor-col-50 elementor-top-column elementor-element elementor-element-df9b216\" data-id=\"df9b216\" data-element_type=\"column\">\n\t\t\t<div class=\"elementor-widget-wrap elementor-element-populated\">\n\t\t\t\t\t\t<div class=\"elementor-element elementor-element-4aafbe1 elementor-widget elementor-widget-heading\" data-id=\"4aafbe1\" data-element_type=\"widget\" data-widget_type=\"heading.default\">\n\t\t\t\t<div class=\"elementor-widget-container\">\n\t\t\t\t\t<h2 class=\"elementor-heading-title elementor-size-default\">Hable con el equipo del CLAEQ_<\/h2>\t\t\t\t<\/div>\n\t\t\t\t<\/div>\n\t\t\t\t<div class=\"elementor-element elementor-element-5b3423a elementor-widget elementor-widget-text-editor\" data-id=\"5b3423a\" data-element_type=\"widget\" data-widget_type=\"text-editor.default\">\n\t\t\t\t<div class=\"elementor-widget-container\">\n\t\t\t\t\t\t\t\t\t<p style=\"font-weight: 400;\">El equipo del Claeq est\u00e1 a su disposici\u00f3n para acoger su demanda y tratarla en conjunto con su empresa. Env\u00ede un mensaje por el formulario o hable por otros canales:<\/p><p style=\"font-weight: 400;\"><strong>Central de atenci\u00f3n: (11) 5507-2437<\/strong><\/p><p style=\"font-weight: 400;\">De lunes a viernes, de 9h a 18h<\/p><p style=\"font-weight: 400;\">Avenida Marcos Penteado de Ulhoa Rodrigues, n\u00ba 1.119, 13\u00b0 andar, Conj. 1311, sala B, Tambor\u00e9, Barueri, SP, CEP: 06460-040<\/p><p style=\"font-weight: 400;\"><a href=\"mailto:contato@claeq.org.br\"><strong>contato@claeq.org.br<\/strong><\/a><\/p>\t\t\t\t\t\t\t\t<\/div>\n\t\t\t\t<\/div>\n\t\t\t\t\t<\/div>\n\t\t<\/div>\n\t\t\t\t<div class=\"elementor-column elementor-col-50 elementor-top-column elementor-element elementor-element-5a0a7e3\" data-id=\"5a0a7e3\" data-element_type=\"column\">\n\t\t\t<div class=\"elementor-widget-wrap elementor-element-populated\">\n\t\t\t\t\t\t<div class=\"elementor-element elementor-element-1433355 elementor-button-align-stretch elementor-widget elementor-widget-form\" data-id=\"1433355\" data-element_type=\"widget\" data-settings=\"{&quot;step_next_label&quot;:&quot;Next&quot;,&quot;step_previous_label&quot;:&quot;Previous&quot;,&quot;button_width&quot;:&quot;100&quot;,&quot;step_type&quot;:&quot;number_text&quot;,&quot;step_icon_shape&quot;:&quot;circle&quot;}\" data-widget_type=\"form.default\">\n\t\t\t\t<div class=\"elementor-widget-container\">\n\t\t\t\t\t\t\t<form class=\"elementor-form\" method=\"post\" name=\"Contacto\">\n\t\t\t<input type=\"hidden\" name=\"post_id\" value=\"767\"\/>\n\t\t\t<input type=\"hidden\" name=\"form_id\" value=\"1433355\"\/>\n\t\t\t<input type=\"hidden\" name=\"referer_title\" value=\"CLAEQ\" \/>\n\n\t\t\t\n\t\t\t<div class=\"elementor-form-fields-wrapper elementor-labels-\">\n\t\t\t\t\t\t\t\t<div class=\"elementor-field-type-text elementor-field-group elementor-column elementor-field-group-name elementor-col-100 elementor-field-required\">\n\t\t\t\t\t\t\t\t\t\t\t\t<label for=\"form-field-name\" class=\"elementor-field-label elementor-screen-only\">\n\t\t\t\t\t\t\t\tNombre completo\t\t\t\t\t\t\t<\/label>\n\t\t\t\t\t\t\t\t\t\t\t\t\t\t<input size=\"1\" type=\"text\" name=\"form_fields[name]\" id=\"form-field-name\" class=\"elementor-field elementor-size-md  elementor-field-textual\" placeholder=\"Nombre completo\" required=\"required\" aria-required=\"true\">\n\t\t\t\t\t\t\t\t\t\t\t<\/div>\n\t\t\t\t\t\t\t\t<div class=\"elementor-field-type-email elementor-field-group elementor-column elementor-field-group-email elementor-col-100 elementor-field-required\">\n\t\t\t\t\t\t\t\t\t\t\t\t<label for=\"form-field-email\" class=\"elementor-field-label elementor-screen-only\">\n\t\t\t\t\t\t\t\tCorreo electr\u00f3nico \t\t\t\t\t\t\t<\/label>\n\t\t\t\t\t\t\t\t\t\t\t\t\t\t<input size=\"1\" type=\"email\" name=\"form_fields[email]\" id=\"form-field-email\" class=\"elementor-field elementor-size-md  elementor-field-textual\" placeholder=\"Correo electr\u00f3nico \" required=\"required\" aria-required=\"true\">\n\t\t\t\t\t\t\t\t\t\t\t<\/div>\n\t\t\t\t\t\t\t\t<div class=\"elementor-field-type-tel elementor-field-group elementor-column elementor-field-group-field_939dcd2 elementor-col-100\">\n\t\t\t\t\t\t\t\t\t\t\t\t<label for=\"form-field-field_939dcd2\" class=\"elementor-field-label elementor-screen-only\">\n\t\t\t\t\t\t\t\tTel\u00e9fono \t\t\t\t\t\t\t<\/label>\n\t\t\t\t\t\t\t\t<input size=\"1\" type=\"tel\" name=\"form_fields[field_939dcd2]\" id=\"form-field-field_939dcd2\" class=\"elementor-field elementor-size-md  elementor-field-textual\" placeholder=\"Tel\u00e9fono \" pattern=\"[0-9()#&amp;+*-=.]+\" title=\"Only numbers and phone characters (#, -, *, etc) are accepted.\">\n\n\t\t\t\t\t\t<\/div>\n\t\t\t\t\t\t\t\t<div class=\"elementor-field-type-textarea elementor-field-group elementor-column elementor-field-group-message elementor-col-100\">\n\t\t\t\t\t\t\t\t\t\t\t\t<label for=\"form-field-message\" class=\"elementor-field-label elementor-screen-only\">\n\t\t\t\t\t\t\t\tMensaje\t\t\t\t\t\t\t<\/label>\n\t\t\t\t\t\t<textarea class=\"elementor-field-textual elementor-field  elementor-size-md\" name=\"form_fields[message]\" id=\"form-field-message\" rows=\"4\" placeholder=\"Mensaje\"><\/textarea>\t\t\t\t<\/div>\n\t\t\t\t\t\t\t\t<div class=\"elementor-field-group elementor-column elementor-field-type-submit elementor-col-100 e-form__buttons\">\n\t\t\t\t\t<button type=\"submit\" class=\"elementor-button elementor-size-md\">\n\t\t\t\t\t\t<span >\n\t\t\t\t\t\t\t\t\t\t\t\t\t\t\t<span class=\" elementor-button-icon\">\n\t\t\t\t\t\t\t\t\t\t\t\t\t\t\t\t\t\t\t\t\t\t\t\t\t\t<\/span>\n\t\t\t\t\t\t\t\t\t\t\t\t\t\t\t\t\t\t\t\t\t\t<span class=\"elementor-button-text\">Enviar<\/span>\n\t\t\t\t\t\t\t\t\t\t\t\t\t<\/span>\n\t\t\t\t\t<\/button>\n\t\t\t\t<\/div>\n\t\t\t<\/div>\n\t\t<\/form>\n\t\t\t\t\t\t<\/div>\n\t\t\t\t<\/div>\n\t\t\t\t\t<\/div>\n\t\t<\/div>\n\t\t\t\t\t<\/div>\n\t\t<\/section>\n\t\t\t\t<\/div>\n\t\t","protected":false},"excerpt":{"rendered":"<p>Hable con el equipo del CLAEQ_ El equipo del Claeq est\u00e1 a su disposici\u00f3n para acoger su demanda y tratarla en conjunto con su empresa. Env\u00ede un mensaje por el formulario o hable por otros canales: Central de atenci\u00f3n: (11) 5507-2437 De lunes a viernes, de 9h a 18h Avenida Marcos Penteado de Ulhoa Rodrigues, [&hellip;]<\/p>\n","protected":false},"author":1,"featured_media":492,"parent":0,"menu_order":0,"comment_status":"closed","ping_status":"closed","template":"","meta":{"_acf_changed":false,"footnotes":""},"class_list":["post-767","page","type-page","status-publish","has-post-thumbnail","hentry"],"acf":[],"yoast_head":"<!-- This site is optimized with the Yoast SEO plugin v26.9 - https:\/\/yoast.com\/product\/yoast-seo-wordpress\/ -->\n<title>Contacto - CLAEQ<\/title>\n<meta name=\"robots\" content=\"index, follow, max-snippet:-1, max-image-preview:large, max-video-preview:-1\" \/>\n<link rel=\"canonical\" href=\"https:\/\/www.claeq.org.br\/es\/contacto\/\" \/>\n<meta property=\"og:locale\" content=\"es_ES\" \/>\n<meta property=\"og:type\" content=\"article\" \/>\n<meta property=\"og:title\" content=\"Contacto - CLAEQ\" \/>\n<meta property=\"og:description\" content=\"Hable con el equipo del CLAEQ_ El equipo del Claeq est\u00e1 a su disposici\u00f3n para acoger su demanda y tratarla en conjunto con su empresa. Env\u00ede un mensaje por el formulario o hable por otros canales: Central de atenci\u00f3n: (11) 5507-2437 De lunes a viernes, de 9h a 18h Avenida Marcos Penteado de Ulhoa Rodrigues, [&hellip;]\" \/>\n<meta property=\"og:url\" content=\"https:\/\/www.claeq.org.br\/es\/contacto\/\" \/>\n<meta property=\"og:site_name\" content=\"CLAEQ\" \/>\n<meta property=\"article:modified_time\" content=\"2023-03-13T18:06:58+00:00\" \/>\n<meta property=\"og:image\" content=\"https:\/\/www.claeq.org.br\/site\/wp-content\/uploads\/2022\/08\/claeq-contato.jpg\" \/>\n\t<meta property=\"og:image:width\" content=\"1500\" \/>\n\t<meta property=\"og:image:height\" content=\"635\" \/>\n\t<meta property=\"og:image:type\" content=\"image\/jpeg\" \/>\n<meta name=\"twitter:card\" content=\"summary_large_image\" \/>\n<meta name=\"twitter:label1\" content=\"Est. reading time\" \/>\n\t<meta name=\"twitter:data1\" content=\"1 minute\" \/>\n<script type=\"application\/ld+json\" class=\"yoast-schema-graph\">{\"@context\":\"https:\/\/schema.org\",\"@graph\":[{\"@type\":\"WebPage\",\"@id\":\"https:\/\/www.claeq.org.br\/es\/contacto\/\",\"url\":\"https:\/\/www.claeq.org.br\/es\/contacto\/\",\"name\":\"Contacto - CLAEQ\",\"isPartOf\":{\"@id\":\"https:\/\/www.claeq.org.br\/#website\"},\"primaryImageOfPage\":{\"@id\":\"https:\/\/www.claeq.org.br\/es\/contacto\/#primaryimage\"},\"image\":{\"@id\":\"https:\/\/www.claeq.org.br\/es\/contacto\/#primaryimage\"},\"thumbnailUrl\":\"https:\/\/www.claeq.org.br\/site\/wp-content\/uploads\/2022\/08\/claeq-contato.jpg\",\"datePublished\":\"2022-05-20T18:06:20+00:00\",\"dateModified\":\"2023-03-13T18:06:58+00:00\",\"breadcrumb\":{\"@id\":\"https:\/\/www.claeq.org.br\/es\/contacto\/#breadcrumb\"},\"inLanguage\":\"es-ES\",\"potentialAction\":[{\"@type\":\"ReadAction\",\"target\":[\"https:\/\/www.claeq.org.br\/es\/contacto\/\"]}]},{\"@type\":\"ImageObject\",\"inLanguage\":\"es-ES\",\"@id\":\"https:\/\/www.claeq.org.br\/es\/contacto\/#primaryimage\",\"url\":\"https:\/\/www.claeq.org.br\/site\/wp-content\/uploads\/2022\/08\/claeq-contato.jpg\",\"contentUrl\":\"https:\/\/www.claeq.org.br\/site\/wp-content\/uploads\/2022\/08\/claeq-contato.jpg\",\"width\":1500,\"height\":635},{\"@type\":\"BreadcrumbList\",\"@id\":\"https:\/\/www.claeq.org.br\/es\/contacto\/#breadcrumb\",\"itemListElement\":[{\"@type\":\"ListItem\",\"position\":1,\"name\":\"Home\",\"item\":\"https:\/\/www.claeq.org.br\/\"},{\"@type\":\"ListItem\",\"position\":2,\"name\":\"Contacto\"}]},{\"@type\":\"WebSite\",\"@id\":\"https:\/\/www.claeq.org.br\/#website\",\"url\":\"https:\/\/www.claeq.org.br\/\",\"name\":\"CLAEQ\",\"description\":\"Centro Latino Americano para Inova\u00e7\u00e3o, Excel\u00eancia e Qualidade\",\"publisher\":{\"@id\":\"https:\/\/www.claeq.org.br\/#organization\"},\"potentialAction\":[{\"@type\":\"SearchAction\",\"target\":{\"@type\":\"EntryPoint\",\"urlTemplate\":\"https:\/\/www.claeq.org.br\/?s={search_term_string}\"},\"query-input\":{\"@type\":\"PropertyValueSpecification\",\"valueRequired\":true,\"valueName\":\"search_term_string\"}}],\"inLanguage\":\"es-ES\"},{\"@type\":\"Organization\",\"@id\":\"https:\/\/www.claeq.org.br\/#organization\",\"name\":\"CLAEQ\",\"url\":\"https:\/\/www.claeq.org.br\/\",\"logo\":{\"@type\":\"ImageObject\",\"inLanguage\":\"es-ES\",\"@id\":\"https:\/\/www.claeq.org.br\/#\/schema\/logo\/image\/\",\"url\":\"https:\/\/www.claeq.org.br\/site\/wp-content\/uploads\/2022\/05\/claeq-logo-cor.svg\",\"contentUrl\":\"https:\/\/www.claeq.org.br\/site\/wp-content\/uploads\/2022\/05\/claeq-logo-cor.svg\",\"width\":651,\"height\":206,\"caption\":\"CLAEQ\"},\"image\":{\"@id\":\"https:\/\/www.claeq.org.br\/#\/schema\/logo\/image\/\"}}]}<\/script>\n<!-- \/ Yoast SEO plugin. -->","yoast_head_json":{"title":"Contacto - CLAEQ","robots":{"index":"index","follow":"follow","max-snippet":"max-snippet:-1","max-image-preview":"max-image-preview:large","max-video-preview":"max-video-preview:-1"},"canonical":"https:\/\/www.claeq.org.br\/es\/contacto\/","og_locale":"es_ES","og_type":"article","og_title":"Contacto - CLAEQ","og_description":"Hable con el equipo del CLAEQ_ El equipo del Claeq est\u00e1 a su disposici\u00f3n para acoger su demanda y tratarla en conjunto con su empresa. Env\u00ede un mensaje por el formulario o hable por otros canales: Central de atenci\u00f3n: (11) 5507-2437 De lunes a viernes, de 9h a 18h Avenida Marcos Penteado de Ulhoa Rodrigues, [&hellip;]","og_url":"https:\/\/www.claeq.org.br\/es\/contacto\/","og_site_name":"CLAEQ","article_modified_time":"2023-03-13T18:06:58+00:00","og_image":[{"width":1500,"height":635,"url":"https:\/\/www.claeq.org.br\/site\/wp-content\/uploads\/2022\/08\/claeq-contato.jpg","type":"image\/jpeg"}],"twitter_card":"summary_large_image","twitter_misc":{"Est. reading time":"1 minute"},"schema":{"@context":"https:\/\/schema.org","@graph":[{"@type":"WebPage","@id":"https:\/\/www.claeq.org.br\/es\/contacto\/","url":"https:\/\/www.claeq.org.br\/es\/contacto\/","name":"Contacto - CLAEQ","isPartOf":{"@id":"https:\/\/www.claeq.org.br\/#website"},"primaryImageOfPage":{"@id":"https:\/\/www.claeq.org.br\/es\/contacto\/#primaryimage"},"image":{"@id":"https:\/\/www.claeq.org.br\/es\/contacto\/#primaryimage"},"thumbnailUrl":"https:\/\/www.claeq.org.br\/site\/wp-content\/uploads\/2022\/08\/claeq-contato.jpg","datePublished":"2022-05-20T18:06:20+00:00","dateModified":"2023-03-13T18:06:58+00:00","breadcrumb":{"@id":"https:\/\/www.claeq.org.br\/es\/contacto\/#breadcrumb"},"inLanguage":"es-ES","potentialAction":[{"@type":"ReadAction","target":["https:\/\/www.claeq.org.br\/es\/contacto\/"]}]},{"@type":"ImageObject","inLanguage":"es-ES","@id":"https:\/\/www.claeq.org.br\/es\/contacto\/#primaryimage","url":"https:\/\/www.claeq.org.br\/site\/wp-content\/uploads\/2022\/08\/claeq-contato.jpg","contentUrl":"https:\/\/www.claeq.org.br\/site\/wp-content\/uploads\/2022\/08\/claeq-contato.jpg","width":1500,"height":635},{"@type":"BreadcrumbList","@id":"https:\/\/www.claeq.org.br\/es\/contacto\/#breadcrumb","itemListElement":[{"@type":"ListItem","position":1,"name":"Home","item":"https:\/\/www.claeq.org.br\/"},{"@type":"ListItem","position":2,"name":"Contacto"}]},{"@type":"WebSite","@id":"https:\/\/www.claeq.org.br\/#website","url":"https:\/\/www.claeq.org.br\/","name":"CLAEQ","description":"Centro Latino Americano para Inova\u00e7\u00e3o, Excel\u00eancia e Qualidade","publisher":{"@id":"https:\/\/www.claeq.org.br\/#organization"},"potentialAction":[{"@type":"SearchAction","target":{"@type":"EntryPoint","urlTemplate":"https:\/\/www.claeq.org.br\/?s={search_term_string}"},"query-input":{"@type":"PropertyValueSpecification","valueRequired":true,"valueName":"search_term_string"}}],"inLanguage":"es-ES"},{"@type":"Organization","@id":"https:\/\/www.claeq.org.br\/#organization","name":"CLAEQ","url":"https:\/\/www.claeq.org.br\/","logo":{"@type":"ImageObject","inLanguage":"es-ES","@id":"https:\/\/www.claeq.org.br\/#\/schema\/logo\/image\/","url":"https:\/\/www.claeq.org.br\/site\/wp-content\/uploads\/2022\/05\/claeq-logo-cor.svg","contentUrl":"https:\/\/www.claeq.org.br\/site\/wp-content\/uploads\/2022\/05\/claeq-logo-cor.svg","width":651,"height":206,"caption":"CLAEQ"},"image":{"@id":"https:\/\/www.claeq.org.br\/#\/schema\/logo\/image\/"}}]}},"_links":{"self":[{"href":"https:\/\/www.claeq.org.br\/es\/wp-json\/wp\/v2\/pages\/767","targetHints":{"allow":["GET"]}}],"collection":[{"href":"https:\/\/www.claeq.org.br\/es\/wp-json\/wp\/v2\/pages"}],"about":[{"href":"https:\/\/www.claeq.org.br\/es\/wp-json\/wp\/v2\/types\/page"}],"author":[{"embeddable":true,"href":"https:\/\/www.claeq.org.br\/es\/wp-json\/wp\/v2\/users\/1"}],"replies":[{"embeddable":true,"href":"https:\/\/www.claeq.org.br\/es\/wp-json\/wp\/v2\/comments?post=767"}],"version-history":[{"count":14,"href":"https:\/\/www.claeq.org.br\/es\/wp-json\/wp\/v2\/pages\/767\/revisions"}],"predecessor-version":[{"id":913,"href":"https:\/\/www.claeq.org.br\/es\/wp-json\/wp\/v2\/pages\/767\/revisions\/913"}],"wp:featuredmedia":[{"embeddable":true,"href":"https:\/\/www.claeq.org.br\/es\/wp-json\/wp\/v2\/media\/492"}],"wp:attachment":[{"href":"https:\/\/www.claeq.org.br\/es\/wp-json\/wp\/v2\/media?parent=767"}],"curies":[{"name":"wp","href":"https:\/\/api.w.org\/{rel}","templated":true}]}}