{"id":771,"date":"2022-05-20T15:07:34","date_gmt":"2022-05-20T18:07:34","guid":{"rendered":"https:\/\/www.claeq.org.br\/nuestra-estructura\/"},"modified":"2023-04-05T18:00:17","modified_gmt":"2023-04-05T21:00:17","slug":"nuestra-estructura","status":"publish","type":"page","link":"https:\/\/www.claeq.org.br\/es\/nuestra-estructura\/","title":{"rendered":"Nuestra estructura"},"content":{"rendered":"\t\t<div data-elementor-type=\"wp-page\" data-elementor-id=\"771\" class=\"elementor elementor-771 elementor-51\" data-elementor-settings=\"{&quot;ha_cmc_init_switcher&quot;:&quot;no&quot;}\" data-elementor-post-type=\"page\">\n\t\t\t\t\t\t<section class=\"elementor-section elementor-top-section elementor-element elementor-element-8286a49 elementor-section-stretched elementor-section-height-min-height elementor-section-boxed elementor-section-height-default elementor-section-items-middle\" data-id=\"8286a49\" data-element_type=\"section\" data-settings=\"{&quot;stretch_section&quot;:&quot;section-stretched&quot;,&quot;background_background&quot;:&quot;classic&quot;,&quot;_ha_eqh_enable&quot;:false}\">\n\t\t\t\t\t\t<div class=\"elementor-container elementor-column-gap-default\">\n\t\t\t\t\t<div class=\"elementor-column elementor-col-100 elementor-top-column elementor-element elementor-element-443f645\" data-id=\"443f645\" data-element_type=\"column\">\n\t\t\t<div class=\"elementor-widget-wrap\">\n\t\t\t\t\t\t\t<\/div>\n\t\t<\/div>\n\t\t\t\t\t<\/div>\n\t\t<\/section>\n\t\t\t\t<section class=\"elementor-section elementor-top-section elementor-element elementor-element-7263bfe elementor-section-content-middle elementor-section-boxed elementor-section-height-default elementor-section-height-default\" data-id=\"7263bfe\" data-element_type=\"section\" data-settings=\"{&quot;_ha_eqh_enable&quot;:false}\">\n\t\t\t\t\t\t<div class=\"elementor-container elementor-column-gap-default\">\n\t\t\t\t\t<div class=\"elementor-column elementor-col-50 elementor-top-column elementor-element elementor-element-a6c2e11\" data-id=\"a6c2e11\" data-element_type=\"column\">\n\t\t\t<div class=\"elementor-widget-wrap elementor-element-populated\">\n\t\t\t\t\t\t<div class=\"elementor-element elementor-element-41b5fe0 elementor-widget elementor-widget-heading\" data-id=\"41b5fe0\" data-element_type=\"widget\" data-widget_type=\"heading.default\">\n\t\t\t\t<div class=\"elementor-widget-container\">\n\t\t\t\t\t<h2 class=\"elementor-heading-title elementor-size-default\">Gobierno Corporativo_<\/h2>\t\t\t\t<\/div>\n\t\t\t\t<\/div>\n\t\t\t\t<div class=\"elementor-element elementor-element-d2aaf15 elementor-widget elementor-widget-text-editor\" data-id=\"d2aaf15\" data-element_type=\"widget\" data-widget_type=\"text-editor.default\">\n\t\t\t\t<div class=\"elementor-widget-container\">\n\t\t\t\t\t\t\t\t\t<p style=\"font-weight: 400;\">Un equipo calificado con amplio conocimiento y experiencia, compuesto por personas vinculadas al \u00e1mbito acad\u00e9mico, empresarial y gubernamental.<\/p>\n<p style=\"font-weight: 400;\">De esta forma, CLAEQ desarrolla estrategias y ejecuta proyectos integrados que promueven el desarrollo regional, nacional y global.<\/p>\n\t\t\t\t\t\t\t\t<\/div>\n\t\t\t\t<\/div>\n\t\t\t\t<div class=\"elementor-element elementor-element-f9e63d5 elementor-widget elementor-widget-heading\" data-id=\"f9e63d5\" data-element_type=\"widget\" data-widget_type=\"heading.default\">\n\t\t\t\t<div class=\"elementor-widget-container\">\n\t\t\t\t\t<h4 class=\"elementor-heading-title elementor-size-default\">Nuestra estructura_<\/h4>\t\t\t\t<\/div>\n\t\t\t\t<\/div>\n\t\t\t\t<div class=\"elementor-element elementor-element-2cd9fcf elementor-widget elementor-widget-text-editor\" data-id=\"2cd9fcf\" data-element_type=\"widget\" data-widget_type=\"text-editor.default\">\n\t\t\t\t<div class=\"elementor-widget-container\">\n\t\t\t\t\t\t\t\t\t<p style=\"font-weight: 400;\">Contamos con un equipo de investigadores y asociados calificados y con s\u00f3lida experiencia en las distintas \u00e1reas de actuaci\u00f3n del centro.<\/p>\n<p style=\"font-weight: 400;\">\n<\/p><p style=\"font-weight: 400;\">\n<\/p>\t\t\t\t\t\t\t\t<\/div>\n\t\t\t\t<\/div>\n\t\t\t\t<div class=\"elementor-element elementor-element-4a66c85 elementor-widget elementor-widget-heading\" data-id=\"4a66c85\" data-element_type=\"widget\" data-widget_type=\"heading.default\">\n\t\t\t\t<div class=\"elementor-widget-container\">\n\t\t\t\t\t<h4 class=\"elementor-heading-title elementor-size-default\">Informes anuales_<\/h4>\t\t\t\t<\/div>\n\t\t\t\t<\/div>\n\t\t\t\t<div class=\"elementor-element elementor-element-f6f764a elementor-widget elementor-widget-text-editor\" data-id=\"f6f764a\" data-element_type=\"widget\" data-widget_type=\"text-editor.default\">\n\t\t\t\t<div class=\"elementor-widget-container\">\n\t\t\t\t\t\t\t\t\t<p>Los links abajo contienen informaci\u00f3nes sobre las demostraciones financeiras. Acceda al enlace para eligir el a\u00f1o que quiera visualizar.<\/p><p><a href=\"https:\/\/www.claeq.org.br\/site\/wp-content\/uploads\/2023\/03\/REL-3549-CLAEQ-ADC-31-12-16.pdf\"><span style=\"text-decoration: underline;\">2016<\/span><\/a><\/p><p><a href=\"https:\/\/www.claeq.org.br\/site\/wp-content\/uploads\/2023\/03\/DFS-Claeq-2017-PDF-assinado.pdf\"><span style=\"text-decoration: underline;\">2017<\/span><\/a><\/p><p><a href=\"https:\/\/www.claeq.org.br\/site\/wp-content\/uploads\/2023\/03\/DFs-Claeq-31-12-2019-final.pdf\"><span style=\"text-decoration: underline;\">2019<\/span><\/a><\/p><p><a href=\"https:\/\/www.claeq.org.br\/site\/wp-content\/uploads\/2023\/03\/DFS-Claeq-31.12.2020-final.pdf\"><span style=\"text-decoration: underline;\">2020<\/span><\/a><\/p><p><a href=\"https:\/\/www.claeq.org.br\/site\/wp-content\/uploads\/2023\/03\/DFs-Claeq-31.12.21-final.pdf\"><span style=\"text-decoration: underline;\">2021<\/span><\/a><\/p>\t\t\t\t\t\t\t\t<\/div>\n\t\t\t\t<\/div>\n\t\t\t\t\t<\/div>\n\t\t<\/div>\n\t\t\t\t<div class=\"elementor-column elementor-col-50 elementor-top-column elementor-element elementor-element-db4989b\" data-id=\"db4989b\" data-element_type=\"column\">\n\t\t\t<div class=\"elementor-widget-wrap elementor-element-populated\">\n\t\t\t\t\t\t<div class=\"elementor-element elementor-element-cc190c7 elementor-widget elementor-widget-image\" data-id=\"cc190c7\" data-element_type=\"widget\" data-widget_type=\"image.default\">\n\t\t\t\t<div class=\"elementor-widget-container\">\n\t\t\t\t\t\t\t\t\t\t\t\t\t\t\t<img fetchpriority=\"high\" decoding=\"async\" width=\"800\" height=\"692\" src=\"https:\/\/www.claeq.org.br\/site\/wp-content\/uploads\/2022\/11\/claeq-estrutura-es.jpg\" class=\"attachment-large size-large wp-image-825\" alt=\"\" srcset=\"https:\/\/www.claeq.org.br\/site\/wp-content\/uploads\/2022\/11\/claeq-estrutura-es.jpg 1000w, https:\/\/www.claeq.org.br\/site\/wp-content\/uploads\/2022\/11\/claeq-estrutura-es-300x260.jpg 300w, https:\/\/www.claeq.org.br\/site\/wp-content\/uploads\/2022\/11\/claeq-estrutura-es-768x664.jpg 768w\" sizes=\"(max-width: 800px) 100vw, 800px\" \/>\t\t\t\t\t\t\t\t\t\t\t\t\t\t\t<\/div>\n\t\t\t\t<\/div>\n\t\t\t\t\t<\/div>\n\t\t<\/div>\n\t\t\t\t\t<\/div>\n\t\t<\/section>\n\t\t\t\t<section class=\"elementor-section elementor-top-section elementor-element elementor-element-31ed968 elementor-section-stretched elementor-section-boxed elementor-section-height-default elementor-section-height-default\" data-id=\"31ed968\" data-element_type=\"section\" data-settings=\"{&quot;stretch_section&quot;:&quot;section-stretched&quot;,&quot;background_background&quot;:&quot;classic&quot;,&quot;_ha_eqh_enable&quot;:false}\">\n\t\t\t\t\t\t<div class=\"elementor-container elementor-column-gap-default\">\n\t\t\t\t\t<div class=\"elementor-column elementor-col-33 elementor-top-column elementor-element elementor-element-22d33cc\" data-id=\"22d33cc\" data-element_type=\"column\">\n\t\t\t<div class=\"elementor-widget-wrap elementor-element-populated\">\n\t\t\t\t\t\t<div class=\"elementor-element elementor-element-e33afa3 elementor-widget elementor-widget-text-editor\" data-id=\"e33afa3\" data-element_type=\"widget\" data-widget_type=\"text-editor.default\">\n\t\t\t\t<div class=\"elementor-widget-container\">\n\t\t\t\t\t\t\t\t\t<h4>Direcci\u00f3n Ejecutiva<\/h4>\n<p>Nelson Carneiro<br \/>\nManoel Dimas Salesse<br \/>\nFrederico Ramazzini Braga<br \/>\nJos\u00e9 Hernani Arrym Filho<\/p>\n\t\t\t\t\t\t\t\t<\/div>\n\t\t\t\t<\/div>\n\t\t\t\t\t<\/div>\n\t\t<\/div>\n\t\t\t\t<div class=\"elementor-column elementor-col-33 elementor-top-column elementor-element elementor-element-d5d2251\" data-id=\"d5d2251\" data-element_type=\"column\">\n\t\t\t<div class=\"elementor-widget-wrap elementor-element-populated\">\n\t\t\t\t\t\t<div class=\"elementor-element elementor-element-7d7cc30 elementor-widget elementor-widget-text-editor\" data-id=\"7d7cc30\" data-element_type=\"widget\" data-widget_type=\"text-editor.default\">\n\t\t\t\t<div class=\"elementor-widget-container\">\n\t\t\t\t\t\t\t\t\t<h4>Consejo Consultivo<\/h4>\n<p>Ronald Martin Dauscha<br \/>\nMiguel Alberto Ign\u00e1tios<br \/>\nEduardo Nasser Bussab<\/p>\n\t\t\t\t\t\t\t\t<\/div>\n\t\t\t\t<\/div>\n\t\t\t\t\t<\/div>\n\t\t<\/div>\n\t\t\t\t<div class=\"elementor-column elementor-col-33 elementor-top-column elementor-element elementor-element-96ce8f8\" data-id=\"96ce8f8\" data-element_type=\"column\">\n\t\t\t<div class=\"elementor-widget-wrap elementor-element-populated\">\n\t\t\t\t\t\t<div class=\"elementor-element elementor-element-c241c0f elementor-widget elementor-widget-text-editor\" data-id=\"c241c0f\" data-element_type=\"widget\" data-widget_type=\"text-editor.default\">\n\t\t\t\t<div class=\"elementor-widget-container\">\n\t\t\t\t\t\t\t\t\t<h4>Consejo de Vigilancia<\/h4>\n<p>Sergio Augusto Fagundes Ficarelli<br \/>\nJos\u00e9 Carlos Vaz<br \/>\nEdilson Martins Ramos<\/p>\n\t\t\t\t\t\t\t\t<\/div>\n\t\t\t\t<\/div>\n\t\t\t\t\t<\/div>\n\t\t<\/div>\n\t\t\t\t\t<\/div>\n\t\t<\/section>\n\t\t\t\t<section class=\"elementor-section elementor-top-section elementor-element elementor-element-6b4e961 elementor-section-boxed elementor-section-height-default elementor-section-height-default\" data-id=\"6b4e961\" data-element_type=\"section\" data-settings=\"{&quot;_ha_eqh_enable&quot;:false}\">\n\t\t\t\t\t\t<div class=\"elementor-container elementor-column-gap-default\">\n\t\t\t\t\t<div class=\"elementor-column elementor-col-50 elementor-top-column elementor-element elementor-element-5435ae7\" data-id=\"5435ae7\" data-element_type=\"column\">\n\t\t\t<div class=\"elementor-widget-wrap elementor-element-populated\">\n\t\t\t\t\t\t<div class=\"elementor-element elementor-element-412b14c elementor-widget elementor-widget-text-editor\" data-id=\"412b14c\" data-element_type=\"widget\" data-widget_type=\"text-editor.default\">\n\t\t\t\t<div class=\"elementor-widget-container\">\n\t\t\t\t\t\t\t\t\t<div>\n<p><span lang=\"es\">Seg\u00fan el Instituto Brasileiro de Governan\u00e7a Corporativa \u2013 IBGC, las buenas pr\u00e1cticas de gobernanza tienen como objetivo aumentar el valor de la sociedad, facilitar su acceso al capital y contribuir a su perennidad.<\/span><\/p>\n<\/div>\n\t\t\t\t\t\t\t\t<\/div>\n\t\t\t\t<\/div>\n\t\t\t\t\t<\/div>\n\t\t<\/div>\n\t\t\t\t<div class=\"elementor-column elementor-col-50 elementor-top-column elementor-element elementor-element-e9e6666\" data-id=\"e9e6666\" data-element_type=\"column\">\n\t\t\t<div class=\"elementor-widget-wrap elementor-element-populated\">\n\t\t\t\t\t\t<div class=\"elementor-element elementor-element-25df3b6 elementor-widget elementor-widget-text-editor\" data-id=\"25df3b6\" data-element_type=\"widget\" data-widget_type=\"text-editor.default\">\n\t\t\t\t<div class=\"elementor-widget-container\">\n\t\t\t\t\t\t\t\t\t<div>\n<p><span lang=\"es\">En cuanto a la transparencia bajo el enfoque de Gobernanza, CLAEQ cuenta con una auditor\u00eda externa independiente realizada por una empresa internacional, la Grant Thornton.<\/span><\/p>\n<\/div>\n\t\t\t\t\t\t\t\t<\/div>\n\t\t\t\t<\/div>\n\t\t\t\t<div class=\"elementor-element elementor-element-500bf92 elementor-widget elementor-widget-image\" data-id=\"500bf92\" data-element_type=\"widget\" data-widget_type=\"image.default\">\n\t\t\t\t<div class=\"elementor-widget-container\">\n\t\t\t\t\t\t\t\t\t\t\t\t\t\t\t<img decoding=\"async\" width=\"800\" height=\"149\" src=\"https:\/\/www.claeq.org.br\/site\/wp-content\/uploads\/2022\/08\/Grant-Thornton-1024x191.png\" class=\"attachment-large size-large wp-image-465\" alt=\"\" srcset=\"https:\/\/www.claeq.org.br\/site\/wp-content\/uploads\/2022\/08\/Grant-Thornton-1024x191.png 1024w, https:\/\/www.claeq.org.br\/site\/wp-content\/uploads\/2022\/08\/Grant-Thornton-300x56.png 300w, https:\/\/www.claeq.org.br\/site\/wp-content\/uploads\/2022\/08\/Grant-Thornton-768x143.png 768w, https:\/\/www.claeq.org.br\/site\/wp-content\/uploads\/2022\/08\/Grant-Thornton-1536x286.png 1536w, https:\/\/www.claeq.org.br\/site\/wp-content\/uploads\/2022\/08\/Grant-Thornton-2048x381.png 2048w, https:\/\/www.claeq.org.br\/site\/wp-content\/uploads\/2022\/08\/Grant-Thornton-750x140.png 750w, https:\/\/www.claeq.org.br\/site\/wp-content\/uploads\/2022\/08\/Grant-Thornton-1140x212.png 1140w\" sizes=\"(max-width: 800px) 100vw, 800px\" \/>\t\t\t\t\t\t\t\t\t\t\t\t\t\t\t<\/div>\n\t\t\t\t<\/div>\n\t\t\t\t\t<\/div>\n\t\t<\/div>\n\t\t\t\t\t<\/div>\n\t\t<\/section>\n\t\t\t\t<\/div>\n\t\t","protected":false},"excerpt":{"rendered":"<p>Gobierno Corporativo_ Un equipo calificado con amplio conocimiento y experiencia, compuesto por personas vinculadas al \u00e1mbito acad\u00e9mico, empresarial y gubernamental. De esta forma, CLAEQ desarrolla estrategias y ejecuta proyectos integrados que promueven el desarrollo regional, nacional y global. Nuestra estructura_ Contamos con un equipo de investigadores y asociados calificados y con s\u00f3lida experiencia en las [&hellip;]<\/p>\n","protected":false},"author":1,"featured_media":280,"parent":0,"menu_order":0,"comment_status":"closed","ping_status":"closed","template":"","meta":{"_acf_changed":false,"footnotes":""},"class_list":["post-771","page","type-page","status-publish","has-post-thumbnail","hentry"],"acf":[],"yoast_head":"<!-- This site is optimized with the Yoast SEO plugin v26.9 - https:\/\/yoast.com\/product\/yoast-seo-wordpress\/ -->\n<title>Nuestra estructura - CLAEQ<\/title>\n<meta name=\"robots\" content=\"index, follow, max-snippet:-1, max-image-preview:large, max-video-preview:-1\" \/>\n<link rel=\"canonical\" href=\"https:\/\/www.claeq.org.br\/es\/nuestra-estructura\/\" \/>\n<meta property=\"og:locale\" content=\"es_ES\" \/>\n<meta property=\"og:type\" content=\"article\" \/>\n<meta property=\"og:title\" content=\"Nuestra estructura - CLAEQ\" \/>\n<meta property=\"og:description\" content=\"Gobierno Corporativo_ Un equipo calificado con amplio conocimiento y experiencia, compuesto por personas vinculadas al \u00e1mbito acad\u00e9mico, empresarial y gubernamental. De esta forma, CLAEQ desarrolla estrategias y ejecuta proyectos integrados que promueven el desarrollo regional, nacional y global. Nuestra estructura_ Contamos con un equipo de investigadores y asociados calificados y con s\u00f3lida experiencia en las [&hellip;]\" \/>\n<meta property=\"og:url\" content=\"https:\/\/www.claeq.org.br\/es\/nuestra-estructura\/\" \/>\n<meta property=\"og:site_name\" content=\"CLAEQ\" \/>\n<meta property=\"article:modified_time\" content=\"2023-04-05T21:00:17+00:00\" \/>\n<meta property=\"og:image\" content=\"https:\/\/www.claeq.org.br\/site\/wp-content\/uploads\/2022\/06\/abnt.jpg\" \/>\n\t<meta property=\"og:image:width\" content=\"1500\" \/>\n\t<meta property=\"og:image:height\" content=\"867\" \/>\n\t<meta property=\"og:image:type\" content=\"image\/jpeg\" \/>\n<meta name=\"twitter:card\" content=\"summary_large_image\" \/>\n<meta name=\"twitter:label1\" content=\"Est. reading time\" \/>\n\t<meta name=\"twitter:data1\" content=\"2 minutes\" \/>\n<script type=\"application\/ld+json\" class=\"yoast-schema-graph\">{\"@context\":\"https:\/\/schema.org\",\"@graph\":[{\"@type\":\"WebPage\",\"@id\":\"https:\/\/www.claeq.org.br\/es\/nuestra-estructura\/\",\"url\":\"https:\/\/www.claeq.org.br\/es\/nuestra-estructura\/\",\"name\":\"Nuestra estructura - CLAEQ\",\"isPartOf\":{\"@id\":\"https:\/\/www.claeq.org.br\/#website\"},\"primaryImageOfPage\":{\"@id\":\"https:\/\/www.claeq.org.br\/es\/nuestra-estructura\/#primaryimage\"},\"image\":{\"@id\":\"https:\/\/www.claeq.org.br\/es\/nuestra-estructura\/#primaryimage\"},\"thumbnailUrl\":\"https:\/\/www.claeq.org.br\/site\/wp-content\/uploads\/2022\/06\/abnt.jpg\",\"datePublished\":\"2022-05-20T18:07:34+00:00\",\"dateModified\":\"2023-04-05T21:00:17+00:00\",\"breadcrumb\":{\"@id\":\"https:\/\/www.claeq.org.br\/es\/nuestra-estructura\/#breadcrumb\"},\"inLanguage\":\"es-ES\",\"potentialAction\":[{\"@type\":\"ReadAction\",\"target\":[\"https:\/\/www.claeq.org.br\/es\/nuestra-estructura\/\"]}]},{\"@type\":\"ImageObject\",\"inLanguage\":\"es-ES\",\"@id\":\"https:\/\/www.claeq.org.br\/es\/nuestra-estructura\/#primaryimage\",\"url\":\"https:\/\/www.claeq.org.br\/site\/wp-content\/uploads\/2022\/06\/abnt.jpg\",\"contentUrl\":\"https:\/\/www.claeq.org.br\/site\/wp-content\/uploads\/2022\/06\/abnt.jpg\",\"width\":1500,\"height\":867},{\"@type\":\"BreadcrumbList\",\"@id\":\"https:\/\/www.claeq.org.br\/es\/nuestra-estructura\/#breadcrumb\",\"itemListElement\":[{\"@type\":\"ListItem\",\"position\":1,\"name\":\"Home\",\"item\":\"https:\/\/www.claeq.org.br\/\"},{\"@type\":\"ListItem\",\"position\":2,\"name\":\"Nuestra estructura\"}]},{\"@type\":\"WebSite\",\"@id\":\"https:\/\/www.claeq.org.br\/#website\",\"url\":\"https:\/\/www.claeq.org.br\/\",\"name\":\"CLAEQ\",\"description\":\"Centro Latino Americano para Inova\u00e7\u00e3o, Excel\u00eancia e Qualidade\",\"publisher\":{\"@id\":\"https:\/\/www.claeq.org.br\/#organization\"},\"potentialAction\":[{\"@type\":\"SearchAction\",\"target\":{\"@type\":\"EntryPoint\",\"urlTemplate\":\"https:\/\/www.claeq.org.br\/?s={search_term_string}\"},\"query-input\":{\"@type\":\"PropertyValueSpecification\",\"valueRequired\":true,\"valueName\":\"search_term_string\"}}],\"inLanguage\":\"es-ES\"},{\"@type\":\"Organization\",\"@id\":\"https:\/\/www.claeq.org.br\/#organization\",\"name\":\"CLAEQ\",\"url\":\"https:\/\/www.claeq.org.br\/\",\"logo\":{\"@type\":\"ImageObject\",\"inLanguage\":\"es-ES\",\"@id\":\"https:\/\/www.claeq.org.br\/#\/schema\/logo\/image\/\",\"url\":\"https:\/\/www.claeq.org.br\/site\/wp-content\/uploads\/2022\/05\/claeq-logo-cor.svg\",\"contentUrl\":\"https:\/\/www.claeq.org.br\/site\/wp-content\/uploads\/2022\/05\/claeq-logo-cor.svg\",\"width\":651,\"height\":206,\"caption\":\"CLAEQ\"},\"image\":{\"@id\":\"https:\/\/www.claeq.org.br\/#\/schema\/logo\/image\/\"}}]}<\/script>\n<!-- \/ Yoast SEO plugin. -->","yoast_head_json":{"title":"Nuestra estructura - CLAEQ","robots":{"index":"index","follow":"follow","max-snippet":"max-snippet:-1","max-image-preview":"max-image-preview:large","max-video-preview":"max-video-preview:-1"},"canonical":"https:\/\/www.claeq.org.br\/es\/nuestra-estructura\/","og_locale":"es_ES","og_type":"article","og_title":"Nuestra estructura - CLAEQ","og_description":"Gobierno Corporativo_ Un equipo calificado con amplio conocimiento y experiencia, compuesto por personas vinculadas al \u00e1mbito acad\u00e9mico, empresarial y gubernamental. De esta forma, CLAEQ desarrolla estrategias y ejecuta proyectos integrados que promueven el desarrollo regional, nacional y global. Nuestra estructura_ Contamos con un equipo de investigadores y asociados calificados y con s\u00f3lida experiencia en las [&hellip;]","og_url":"https:\/\/www.claeq.org.br\/es\/nuestra-estructura\/","og_site_name":"CLAEQ","article_modified_time":"2023-04-05T21:00:17+00:00","og_image":[{"width":1500,"height":867,"url":"https:\/\/www.claeq.org.br\/site\/wp-content\/uploads\/2022\/06\/abnt.jpg","type":"image\/jpeg"}],"twitter_card":"summary_large_image","twitter_misc":{"Est. reading time":"2 minutes"},"schema":{"@context":"https:\/\/schema.org","@graph":[{"@type":"WebPage","@id":"https:\/\/www.claeq.org.br\/es\/nuestra-estructura\/","url":"https:\/\/www.claeq.org.br\/es\/nuestra-estructura\/","name":"Nuestra estructura - CLAEQ","isPartOf":{"@id":"https:\/\/www.claeq.org.br\/#website"},"primaryImageOfPage":{"@id":"https:\/\/www.claeq.org.br\/es\/nuestra-estructura\/#primaryimage"},"image":{"@id":"https:\/\/www.claeq.org.br\/es\/nuestra-estructura\/#primaryimage"},"thumbnailUrl":"https:\/\/www.claeq.org.br\/site\/wp-content\/uploads\/2022\/06\/abnt.jpg","datePublished":"2022-05-20T18:07:34+00:00","dateModified":"2023-04-05T21:00:17+00:00","breadcrumb":{"@id":"https:\/\/www.claeq.org.br\/es\/nuestra-estructura\/#breadcrumb"},"inLanguage":"es-ES","potentialAction":[{"@type":"ReadAction","target":["https:\/\/www.claeq.org.br\/es\/nuestra-estructura\/"]}]},{"@type":"ImageObject","inLanguage":"es-ES","@id":"https:\/\/www.claeq.org.br\/es\/nuestra-estructura\/#primaryimage","url":"https:\/\/www.claeq.org.br\/site\/wp-content\/uploads\/2022\/06\/abnt.jpg","contentUrl":"https:\/\/www.claeq.org.br\/site\/wp-content\/uploads\/2022\/06\/abnt.jpg","width":1500,"height":867},{"@type":"BreadcrumbList","@id":"https:\/\/www.claeq.org.br\/es\/nuestra-estructura\/#breadcrumb","itemListElement":[{"@type":"ListItem","position":1,"name":"Home","item":"https:\/\/www.claeq.org.br\/"},{"@type":"ListItem","position":2,"name":"Nuestra estructura"}]},{"@type":"WebSite","@id":"https:\/\/www.claeq.org.br\/#website","url":"https:\/\/www.claeq.org.br\/","name":"CLAEQ","description":"Centro Latino Americano para Inova\u00e7\u00e3o, Excel\u00eancia e Qualidade","publisher":{"@id":"https:\/\/www.claeq.org.br\/#organization"},"potentialAction":[{"@type":"SearchAction","target":{"@type":"EntryPoint","urlTemplate":"https:\/\/www.claeq.org.br\/?s={search_term_string}"},"query-input":{"@type":"PropertyValueSpecification","valueRequired":true,"valueName":"search_term_string"}}],"inLanguage":"es-ES"},{"@type":"Organization","@id":"https:\/\/www.claeq.org.br\/#organization","name":"CLAEQ","url":"https:\/\/www.claeq.org.br\/","logo":{"@type":"ImageObject","inLanguage":"es-ES","@id":"https:\/\/www.claeq.org.br\/#\/schema\/logo\/image\/","url":"https:\/\/www.claeq.org.br\/site\/wp-content\/uploads\/2022\/05\/claeq-logo-cor.svg","contentUrl":"https:\/\/www.claeq.org.br\/site\/wp-content\/uploads\/2022\/05\/claeq-logo-cor.svg","width":651,"height":206,"caption":"CLAEQ"},"image":{"@id":"https:\/\/www.claeq.org.br\/#\/schema\/logo\/image\/"}}]}},"_links":{"self":[{"href":"https:\/\/www.claeq.org.br\/es\/wp-json\/wp\/v2\/pages\/771","targetHints":{"allow":["GET"]}}],"collection":[{"href":"https:\/\/www.claeq.org.br\/es\/wp-json\/wp\/v2\/pages"}],"about":[{"href":"https:\/\/www.claeq.org.br\/es\/wp-json\/wp\/v2\/types\/page"}],"author":[{"embeddable":true,"href":"https:\/\/www.claeq.org.br\/es\/wp-json\/wp\/v2\/users\/1"}],"replies":[{"embeddable":true,"href":"https:\/\/www.claeq.org.br\/es\/wp-json\/wp\/v2\/comments?post=771"}],"version-history":[{"count":13,"href":"https:\/\/www.claeq.org.br\/es\/wp-json\/wp\/v2\/pages\/771\/revisions"}],"predecessor-version":[{"id":963,"href":"https:\/\/www.claeq.org.br\/es\/wp-json\/wp\/v2\/pages\/771\/revisions\/963"}],"wp:featuredmedia":[{"embeddable":true,"href":"https:\/\/www.claeq.org.br\/es\/wp-json\/wp\/v2\/media\/280"}],"wp:attachment":[{"href":"https:\/\/www.claeq.org.br\/es\/wp-json\/wp\/v2\/media?parent=771"}],"curies":[{"name":"wp","href":"https:\/\/api.w.org\/{rel}","templated":true}]}}