{"id":783,"date":"2022-05-20T15:07:34","date_gmt":"2022-05-20T18:07:34","guid":{"rendered":"https:\/\/www.claeq.org.br\/productos\/"},"modified":"2022-11-18T15:40:06","modified_gmt":"2022-11-18T18:40:06","slug":"productos","status":"publish","type":"page","link":"https:\/\/www.claeq.org.br\/es\/productos\/","title":{"rendered":"Productos"},"content":{"rendered":"\t\t<div data-elementor-type=\"wp-page\" data-elementor-id=\"783\" class=\"elementor elementor-783 elementor-53\" data-elementor-settings=\"{&quot;ha_cmc_init_switcher&quot;:&quot;no&quot;}\" data-elementor-post-type=\"page\">\n\t\t\t\t\t\t<section class=\"elementor-section elementor-top-section elementor-element elementor-element-5f9db69 elementor-section-stretched elementor-section-height-min-height elementor-section-boxed elementor-section-height-default elementor-section-items-middle\" data-id=\"5f9db69\" data-element_type=\"section\" data-settings=\"{&quot;stretch_section&quot;:&quot;section-stretched&quot;,&quot;background_background&quot;:&quot;classic&quot;,&quot;_ha_eqh_enable&quot;:false}\">\n\t\t\t\t\t\t<div class=\"elementor-container elementor-column-gap-default\">\n\t\t\t\t\t<div class=\"elementor-column elementor-col-100 elementor-top-column elementor-element elementor-element-9c7924d\" data-id=\"9c7924d\" data-element_type=\"column\">\n\t\t\t<div class=\"elementor-widget-wrap\">\n\t\t\t\t\t\t\t<\/div>\n\t\t<\/div>\n\t\t\t\t\t<\/div>\n\t\t<\/section>\n\t\t\t\t<section class=\"elementor-section elementor-top-section elementor-element elementor-element-7c5cc50 elementor-section-boxed elementor-section-height-default elementor-section-height-default\" data-id=\"7c5cc50\" data-element_type=\"section\" data-settings=\"{&quot;_ha_eqh_enable&quot;:false}\">\n\t\t\t\t\t\t<div class=\"elementor-container elementor-column-gap-default\">\n\t\t\t\t\t<div class=\"elementor-column elementor-col-100 elementor-top-column elementor-element elementor-element-b0f8103\" data-id=\"b0f8103\" data-element_type=\"column\">\n\t\t\t<div class=\"elementor-widget-wrap elementor-element-populated\">\n\t\t\t\t\t\t<div class=\"elementor-element elementor-element-d17b5eb elementor-widget elementor-widget-heading\" data-id=\"d17b5eb\" data-element_type=\"widget\" data-widget_type=\"heading.default\">\n\t\t\t\t<div class=\"elementor-widget-container\">\n\t\t\t\t\t<h2 class=\"elementor-heading-title elementor-size-default\">Productos_<\/h2>\t\t\t\t<\/div>\n\t\t\t\t<\/div>\n\t\t\t\t<section class=\"elementor-section elementor-inner-section elementor-element elementor-element-8cf0588 elementor-section-boxed elementor-section-height-default elementor-section-height-default\" data-id=\"8cf0588\" data-element_type=\"section\" data-settings=\"{&quot;_ha_eqh_enable&quot;:false}\">\n\t\t\t\t\t\t<div class=\"elementor-container elementor-column-gap-default\">\n\t\t\t\t\t<div class=\"elementor-column elementor-col-33 elementor-inner-column elementor-element elementor-element-ffd154e\" data-id=\"ffd154e\" data-element_type=\"column\">\n\t\t\t<div class=\"elementor-widget-wrap elementor-element-populated\">\n\t\t\t\t\t\t<div data-ha-element-link=\"{&quot;url&quot;:&quot;https:\\\/\\\/www.claeq.org.br\\\/es\\\/productos\\\/industria-avanzada\\\/&quot;,&quot;is_external&quot;:&quot;&quot;,&quot;nofollow&quot;:&quot;&quot;}\" style=\"cursor: pointer\" class=\"elementor-element elementor-element-0480506 elementor-position-top elementor-widget elementor-widget-image-box\" data-id=\"0480506\" data-element_type=\"widget\" data-widget_type=\"image-box.default\">\n\t\t\t\t<div class=\"elementor-widget-container\">\n\t\t\t\t\t<div class=\"elementor-image-box-wrapper\"><figure class=\"elementor-image-box-img\"><img fetchpriority=\"high\" decoding=\"async\" width=\"1100\" height=\"734\" src=\"https:\/\/www.claeq.org.br\/site\/wp-content\/uploads\/2022\/08\/claeq-industriaavancada.jpg\" class=\"attachment-full size-full wp-image-510\" alt=\"\" srcset=\"https:\/\/www.claeq.org.br\/site\/wp-content\/uploads\/2022\/08\/claeq-industriaavancada.jpg 1100w, https:\/\/www.claeq.org.br\/site\/wp-content\/uploads\/2022\/08\/claeq-industriaavancada-300x200.jpg 300w, https:\/\/www.claeq.org.br\/site\/wp-content\/uploads\/2022\/08\/claeq-industriaavancada-1024x683.jpg 1024w, https:\/\/www.claeq.org.br\/site\/wp-content\/uploads\/2022\/08\/claeq-industriaavancada-768x512.jpg 768w, https:\/\/www.claeq.org.br\/site\/wp-content\/uploads\/2022\/08\/claeq-industriaavancada-750x500.jpg 750w\" sizes=\"(max-width: 1100px) 100vw, 1100px\" \/><\/figure><div class=\"elementor-image-box-content\"><h4 class=\"elementor-image-box-title\">Industria avanzada<\/h4><p class=\"elementor-image-box-description\">Es un Programa de diagn\u00f3stico y an\u00e1lisis del grado de madurez de las empresas en relaci\u00f3n con el concepto \u201cIndustria 4.0\u201d (el concepto de Industria 4.0 para nosotros), para estructurar un plan de acci\u00f3n que concilie la estrategia organizativa y el diagnostico, posibilitando el Ciclo de Progresi\u00f3n de forma continua y gradual.<\/p><\/div><\/div>\t\t\t\t<\/div>\n\t\t\t\t<\/div>\n\t\t\t\t\t<\/div>\n\t\t<\/div>\n\t\t\t\t<div class=\"elementor-column elementor-col-33 elementor-inner-column elementor-element elementor-element-74fa9d1\" data-id=\"74fa9d1\" data-element_type=\"column\">\n\t\t\t<div class=\"elementor-widget-wrap elementor-element-populated\">\n\t\t\t\t\t\t<div data-ha-element-link=\"{&quot;url&quot;:&quot;https:\\\/\\\/www.claeq.org.br\\\/es\\\/productos\\\/calidad-y-procesos\\\/&quot;,&quot;is_external&quot;:&quot;&quot;,&quot;nofollow&quot;:&quot;&quot;}\" style=\"cursor: pointer\" class=\"elementor-element elementor-element-2d25eb0 elementor-position-top elementor-widget elementor-widget-image-box\" data-id=\"2d25eb0\" data-element_type=\"widget\" data-widget_type=\"image-box.default\">\n\t\t\t\t<div class=\"elementor-widget-container\">\n\t\t\t\t\t<div class=\"elementor-image-box-wrapper\"><figure class=\"elementor-image-box-img\"><img decoding=\"async\" width=\"1100\" height=\"700\" src=\"https:\/\/www.claeq.org.br\/site\/wp-content\/uploads\/2022\/08\/claeq-PROCESSOS.jpg\" class=\"attachment-full size-full wp-image-556\" alt=\"\" srcset=\"https:\/\/www.claeq.org.br\/site\/wp-content\/uploads\/2022\/08\/claeq-PROCESSOS.jpg 1100w, https:\/\/www.claeq.org.br\/site\/wp-content\/uploads\/2022\/08\/claeq-PROCESSOS-300x191.jpg 300w, https:\/\/www.claeq.org.br\/site\/wp-content\/uploads\/2022\/08\/claeq-PROCESSOS-1024x652.jpg 1024w, https:\/\/www.claeq.org.br\/site\/wp-content\/uploads\/2022\/08\/claeq-PROCESSOS-768x489.jpg 768w\" sizes=\"(max-width: 1100px) 100vw, 1100px\" \/><\/figure><div class=\"elementor-image-box-content\"><h4 class=\"elementor-image-box-title\">Calidad y Procesos<\/h4><p class=\"elementor-image-box-description\">La Producci\u00f3n Ajustada (Lean Manufaturing) es un conjunto de conceptos para una gesti\u00f3n eficaz de los procesos. El objetivo es desarrollar acciones que aporten el m\u00e1ximo valor con la menor cantidad de recursos posible. Acciones pilares. C\u00f3mo: eliminando el despilfarro y centr\u00e1ndose en las actividades que s\u00f3lo son necesarias para el momento.<\/p><\/div><\/div>\t\t\t\t<\/div>\n\t\t\t\t<\/div>\n\t\t\t\t\t<\/div>\n\t\t<\/div>\n\t\t\t\t<div class=\"elementor-column elementor-col-33 elementor-inner-column elementor-element elementor-element-e69247f\" data-id=\"e69247f\" data-element_type=\"column\">\n\t\t\t<div class=\"elementor-widget-wrap elementor-element-populated\">\n\t\t\t\t\t\t<div data-ha-element-link=\"{&quot;url&quot;:&quot;https:\\\/\\\/www.claeq.org.br\\\/es\\\/productos\\\/infraestructura-de-innovacion\\\/&quot;,&quot;is_external&quot;:&quot;&quot;,&quot;nofollow&quot;:&quot;&quot;}\" style=\"cursor: pointer\" class=\"elementor-element elementor-element-f42a31f elementor-position-top elementor-widget elementor-widget-image-box\" data-id=\"f42a31f\" data-element_type=\"widget\" data-widget_type=\"image-box.default\">\n\t\t\t\t<div class=\"elementor-widget-container\">\n\t\t\t\t\t<div class=\"elementor-image-box-wrapper\"><figure class=\"elementor-image-box-img\"><img decoding=\"async\" width=\"1100\" height=\"700\" src=\"https:\/\/www.claeq.org.br\/site\/wp-content\/uploads\/2022\/08\/claeq-INOVACAO.jpg\" class=\"attachment-full size-full wp-image-561\" alt=\"\" srcset=\"https:\/\/www.claeq.org.br\/site\/wp-content\/uploads\/2022\/08\/claeq-INOVACAO.jpg 1100w, https:\/\/www.claeq.org.br\/site\/wp-content\/uploads\/2022\/08\/claeq-INOVACAO-300x191.jpg 300w, https:\/\/www.claeq.org.br\/site\/wp-content\/uploads\/2022\/08\/claeq-INOVACAO-1024x652.jpg 1024w, https:\/\/www.claeq.org.br\/site\/wp-content\/uploads\/2022\/08\/claeq-INOVACAO-768x489.jpg 768w\" sizes=\"(max-width: 1100px) 100vw, 1100px\" \/><\/figure><div class=\"elementor-image-box-content\"><h4 class=\"elementor-image-box-title\">Infraestructura de Innovaci\u00f3n<\/h4><p class=\"elementor-image-box-description\">Desarrollo de proyectos de estructuraci\u00f3n, soporte, operaci\u00f3n, seguimiento de infraestructuras y tecnolog\u00eda de innovaci\u00f3n (Centros de innovaci\u00f3n, ICT\u2019s, plataformas, parques tecnol\u00f3gicos etc.), as\u00ed como optimizaci\u00f3n de los programas de innovaci\u00f3n y aceleraci\u00f3n de startups.<\/p><\/div><\/div>\t\t\t\t<\/div>\n\t\t\t\t<\/div>\n\t\t\t\t\t<\/div>\n\t\t<\/div>\n\t\t\t\t\t<\/div>\n\t\t<\/section>\n\t\t\t\t<section class=\"elementor-section elementor-inner-section elementor-element elementor-element-50cb7a4 elementor-section-boxed elementor-section-height-default elementor-section-height-default\" data-id=\"50cb7a4\" data-element_type=\"section\" data-settings=\"{&quot;_ha_eqh_enable&quot;:false}\">\n\t\t\t\t\t\t<div class=\"elementor-container elementor-column-gap-default\">\n\t\t\t\t\t<div class=\"elementor-column elementor-col-33 elementor-inner-column elementor-element elementor-element-7e7db4a\" data-id=\"7e7db4a\" data-element_type=\"column\">\n\t\t\t<div class=\"elementor-widget-wrap elementor-element-populated\">\n\t\t\t\t\t\t<div data-ha-element-link=\"{&quot;url&quot;:&quot;https:\\\/\\\/www.claeq.org.br\\\/es\\\/productos\\\/sistemas-de-gestion\\\/&quot;,&quot;is_external&quot;:&quot;&quot;,&quot;nofollow&quot;:&quot;&quot;}\" style=\"cursor: pointer\" class=\"elementor-element elementor-element-d9afb3f elementor-position-top elementor-widget elementor-widget-image-box\" data-id=\"d9afb3f\" data-element_type=\"widget\" data-widget_type=\"image-box.default\">\n\t\t\t\t<div class=\"elementor-widget-container\">\n\t\t\t\t\t<div class=\"elementor-image-box-wrapper\"><figure class=\"elementor-image-box-img\"><img loading=\"lazy\" decoding=\"async\" width=\"1100\" height=\"700\" src=\"https:\/\/www.claeq.org.br\/site\/wp-content\/uploads\/2022\/08\/claeq-gestao.jpg\" class=\"attachment-full size-full wp-image-566\" alt=\"\" srcset=\"https:\/\/www.claeq.org.br\/site\/wp-content\/uploads\/2022\/08\/claeq-gestao.jpg 1100w, https:\/\/www.claeq.org.br\/site\/wp-content\/uploads\/2022\/08\/claeq-gestao-300x191.jpg 300w, https:\/\/www.claeq.org.br\/site\/wp-content\/uploads\/2022\/08\/claeq-gestao-1024x652.jpg 1024w, https:\/\/www.claeq.org.br\/site\/wp-content\/uploads\/2022\/08\/claeq-gestao-768x489.jpg 768w\" sizes=\"(max-width: 1100px) 100vw, 1100px\" \/><\/figure><div class=\"elementor-image-box-content\"><h4 class=\"elementor-image-box-title\">Sistemas de Gesti\u00f3n<\/h4><p class=\"elementor-image-box-description\">Estructurar los procesos y el Sistema de Gesti\u00f3n Antisoborno, de acuerdo con los requisitos de la norma ISO 37001:16, a trav\u00e9s de mecanismos propios de una cultura interna que valore la integridad, la transparencia y la conformidad con los requisitos definidos por la propia organizaci\u00f3n, a trav\u00e9s de pol\u00edticas, procedimientos y controles internos dirigidos para prevenir, detectar y tratar los casos de corrupci\u00f3n y soborno.<\/p><\/div><\/div>\t\t\t\t<\/div>\n\t\t\t\t<\/div>\n\t\t\t\t\t<\/div>\n\t\t<\/div>\n\t\t\t\t<div class=\"elementor-column elementor-col-33 elementor-inner-column elementor-element elementor-element-7a2c3e3\" data-id=\"7a2c3e3\" data-element_type=\"column\">\n\t\t\t<div class=\"elementor-widget-wrap elementor-element-populated\">\n\t\t\t\t\t\t<div data-ha-element-link=\"{&quot;url&quot;:&quot;https:\\\/\\\/www.claeq.org.br\\\/es\\\/productos\\\/estudios-e-investigaciones\\\/&quot;,&quot;is_external&quot;:&quot;&quot;,&quot;nofollow&quot;:&quot;&quot;}\" style=\"cursor: pointer\" class=\"elementor-element elementor-element-e14e3b6 elementor-position-top elementor-widget elementor-widget-image-box\" data-id=\"e14e3b6\" data-element_type=\"widget\" data-widget_type=\"image-box.default\">\n\t\t\t\t<div class=\"elementor-widget-container\">\n\t\t\t\t\t<div class=\"elementor-image-box-wrapper\"><figure class=\"elementor-image-box-img\"><img loading=\"lazy\" decoding=\"async\" width=\"1100\" height=\"700\" src=\"https:\/\/www.claeq.org.br\/site\/wp-content\/uploads\/2022\/08\/claeq-estudos.jpg\" class=\"attachment-full size-full wp-image-571\" alt=\"\" srcset=\"https:\/\/www.claeq.org.br\/site\/wp-content\/uploads\/2022\/08\/claeq-estudos.jpg 1100w, https:\/\/www.claeq.org.br\/site\/wp-content\/uploads\/2022\/08\/claeq-estudos-300x191.jpg 300w, https:\/\/www.claeq.org.br\/site\/wp-content\/uploads\/2022\/08\/claeq-estudos-1024x652.jpg 1024w, https:\/\/www.claeq.org.br\/site\/wp-content\/uploads\/2022\/08\/claeq-estudos-768x489.jpg 768w\" sizes=\"(max-width: 1100px) 100vw, 1100px\" \/><\/figure><div class=\"elementor-image-box-content\"><h4 class=\"elementor-image-box-title\">Estudios e investigaciones<\/h4><p class=\"elementor-image-box-description\">Generar y difundir conocimientos que contribuyan a la innovaci\u00f3n y a la mejora de la calidad y de la productividad de las empresas, organizaciones y cadenas de producci\u00f3n, mediante la selecci\u00f3n de temas, la elaboraci\u00f3n de proyectos, el acceso a l\u00edneas de fomento, la realizaci\u00f3n de investigaciones, el procesamiento de los datos obtenidos y su an\u00e1lisis. Vale la pena reforzar que la elecci\u00f3n de la metodolog\u00eda de investigaci\u00f3n cient\u00edfica depende del tipo de estudio que se vaya a realizar y del objetivo de la investigaci\u00f3n.<\/p><\/div><\/div>\t\t\t\t<\/div>\n\t\t\t\t<\/div>\n\t\t\t\t\t<\/div>\n\t\t<\/div>\n\t\t\t\t<div class=\"elementor-column elementor-col-33 elementor-inner-column elementor-element elementor-element-0859922\" data-id=\"0859922\" data-element_type=\"column\">\n\t\t\t<div class=\"elementor-widget-wrap\">\n\t\t\t\t\t\t\t<\/div>\n\t\t<\/div>\n\t\t\t\t\t<\/div>\n\t\t<\/section>\n\t\t\t\t\t<\/div>\n\t\t<\/div>\n\t\t\t\t\t<\/div>\n\t\t<\/section>\n\t\t\t\t<section class=\"elementor-section elementor-top-section elementor-element elementor-element-e35c984 elementor-section-stretched elementor-section-boxed elementor-section-height-default elementor-section-height-default\" data-id=\"e35c984\" data-element_type=\"section\" data-settings=\"{&quot;stretch_section&quot;:&quot;section-stretched&quot;,&quot;_ha_eqh_enable&quot;:false}\">\n\t\t\t\t\t\t<div class=\"elementor-container elementor-column-gap-default\">\n\t\t\t\t\t<div class=\"elementor-column elementor-col-100 elementor-top-column elementor-element elementor-element-f98a4b4\" data-id=\"f98a4b4\" data-element_type=\"column\">\n\t\t\t<div class=\"elementor-widget-wrap elementor-element-populated\">\n\t\t\t\t\t\t<div data-ha-element-link=\"{&quot;url&quot;:&quot;https:\\\/\\\/www.claeq.org.br\\\/contato\\\/&quot;,&quot;is_external&quot;:&quot;&quot;,&quot;nofollow&quot;:&quot;&quot;}\" style=\"cursor: pointer\" class=\"elementor-element elementor-element-28a3bb8 elementor-position-left elementor-view-default elementor-mobile-position-top elementor-vertical-align-top ha-has-bg-overlay elementor-widget elementor-widget-icon-box\" data-id=\"28a3bb8\" data-element_type=\"widget\" data-widget_type=\"icon-box.default\">\n\t\t\t\t<div class=\"elementor-widget-container\">\n\t\t\t\t\t\t\t<div class=\"elementor-icon-box-wrapper\">\n\n\t\t\t\t\t\t<div class=\"elementor-icon-box-icon\">\n\t\t\t\t<span  class=\"elementor-icon\">\n\t\t\t\t<i aria-hidden=\"true\" class=\"hm hm-bulb\"><\/i>\t\t\t\t<\/span>\n\t\t\t<\/div>\n\t\t\t\n\t\t\t\t\t\t<div class=\"elementor-icon-box-content\">\n\n\t\t\t\t\t\t\t\t\t<h4 class=\"elementor-icon-box-title\">\n\t\t\t\t\t\t<span  >\n\t\t\t\t\t\t\t\u00bfCu\u00e1l es su necesidad?\t\t\t\t\t\t<\/span>\n\t\t\t\t\t<\/h4>\n\t\t\t\t\n\t\t\t\t\t\t\t\t\t<p class=\"elementor-icon-box-description\">\n\t\t\t\t\t\t\u00a1Estamos dispuestos a apoyarle! Haga clic aqu\u00ed y p\u00f3ngase en contacto con nosotros.\t\t\t\t\t<\/p>\n\t\t\t\t\n\t\t\t<\/div>\n\t\t\t\n\t\t<\/div>\n\t\t\t\t\t\t<\/div>\n\t\t\t\t<\/div>\n\t\t\t\t\t<\/div>\n\t\t<\/div>\n\t\t\t\t\t<\/div>\n\t\t<\/section>\n\t\t\t\t<\/div>\n\t\t","protected":false},"excerpt":{"rendered":"<p>Productos_ Industria avanzada Es un Programa de diagn\u00f3stico y an\u00e1lisis del grado de madurez de las empresas en relaci\u00f3n con el concepto \u201cIndustria 4.0\u201d (el concepto de Industria 4.0 para nosotros), para estructurar un plan de acci\u00f3n que concilie la estrategia organizativa y el diagnostico, posibilitando el Ciclo de Progresi\u00f3n de forma continua y gradual. [&hellip;]<\/p>\n","protected":false},"author":1,"featured_media":318,"parent":0,"menu_order":0,"comment_status":"closed","ping_status":"closed","template":"","meta":{"_acf_changed":false,"footnotes":""},"class_list":["post-783","page","type-page","status-publish","has-post-thumbnail","hentry"],"acf":[],"yoast_head":"<!-- This site is optimized with the Yoast SEO plugin v26.9 - https:\/\/yoast.com\/product\/yoast-seo-wordpress\/ -->\n<title>Productos - CLAEQ<\/title>\n<meta name=\"robots\" content=\"index, follow, max-snippet:-1, max-image-preview:large, max-video-preview:-1\" \/>\n<link rel=\"canonical\" href=\"https:\/\/www.claeq.org.br\/es\/productos\/\" \/>\n<meta property=\"og:locale\" content=\"es_ES\" \/>\n<meta property=\"og:type\" content=\"article\" \/>\n<meta property=\"og:title\" content=\"Productos - CLAEQ\" \/>\n<meta property=\"og:description\" content=\"Productos_ Industria avanzada Es un Programa de diagn\u00f3stico y an\u00e1lisis del grado de madurez de las empresas en relaci\u00f3n con el concepto \u201cIndustria 4.0\u201d (el concepto de Industria 4.0 para nosotros), para estructurar un plan de acci\u00f3n que concilie la estrategia organizativa y el diagnostico, posibilitando el Ciclo de Progresi\u00f3n de forma continua y gradual. [&hellip;]\" \/>\n<meta property=\"og:url\" content=\"https:\/\/www.claeq.org.br\/es\/productos\/\" \/>\n<meta property=\"og:site_name\" content=\"CLAEQ\" \/>\n<meta property=\"article:modified_time\" content=\"2022-11-18T18:40:06+00:00\" \/>\n<meta property=\"og:image\" content=\"https:\/\/www.claeq.org.br\/site\/wp-content\/uploads\/2022\/06\/blog2.jpg\" \/>\n\t<meta property=\"og:image:width\" content=\"1500\" \/>\n\t<meta property=\"og:image:height\" content=\"1000\" \/>\n\t<meta property=\"og:image:type\" content=\"image\/jpeg\" \/>\n<meta name=\"twitter:card\" content=\"summary_large_image\" \/>\n<meta name=\"twitter:label1\" content=\"Est. reading time\" \/>\n\t<meta name=\"twitter:data1\" content=\"3 minutes\" \/>\n<script type=\"application\/ld+json\" class=\"yoast-schema-graph\">{\"@context\":\"https:\/\/schema.org\",\"@graph\":[{\"@type\":\"WebPage\",\"@id\":\"https:\/\/www.claeq.org.br\/es\/productos\/\",\"url\":\"https:\/\/www.claeq.org.br\/es\/productos\/\",\"name\":\"Productos - CLAEQ\",\"isPartOf\":{\"@id\":\"https:\/\/www.claeq.org.br\/#website\"},\"primaryImageOfPage\":{\"@id\":\"https:\/\/www.claeq.org.br\/es\/productos\/#primaryimage\"},\"image\":{\"@id\":\"https:\/\/www.claeq.org.br\/es\/productos\/#primaryimage\"},\"thumbnailUrl\":\"https:\/\/www.claeq.org.br\/site\/wp-content\/uploads\/2022\/06\/blog2.jpg\",\"datePublished\":\"2022-05-20T18:07:34+00:00\",\"dateModified\":\"2022-11-18T18:40:06+00:00\",\"breadcrumb\":{\"@id\":\"https:\/\/www.claeq.org.br\/es\/productos\/#breadcrumb\"},\"inLanguage\":\"es-ES\",\"potentialAction\":[{\"@type\":\"ReadAction\",\"target\":[\"https:\/\/www.claeq.org.br\/es\/productos\/\"]}]},{\"@type\":\"ImageObject\",\"inLanguage\":\"es-ES\",\"@id\":\"https:\/\/www.claeq.org.br\/es\/productos\/#primaryimage\",\"url\":\"https:\/\/www.claeq.org.br\/site\/wp-content\/uploads\/2022\/06\/blog2.jpg\",\"contentUrl\":\"https:\/\/www.claeq.org.br\/site\/wp-content\/uploads\/2022\/06\/blog2.jpg\",\"width\":1500,\"height\":1000},{\"@type\":\"BreadcrumbList\",\"@id\":\"https:\/\/www.claeq.org.br\/es\/productos\/#breadcrumb\",\"itemListElement\":[{\"@type\":\"ListItem\",\"position\":1,\"name\":\"Home\",\"item\":\"https:\/\/www.claeq.org.br\/\"},{\"@type\":\"ListItem\",\"position\":2,\"name\":\"Productos\"}]},{\"@type\":\"WebSite\",\"@id\":\"https:\/\/www.claeq.org.br\/#website\",\"url\":\"https:\/\/www.claeq.org.br\/\",\"name\":\"CLAEQ\",\"description\":\"Centro Latino Americano para Inova\u00e7\u00e3o, Excel\u00eancia e Qualidade\",\"publisher\":{\"@id\":\"https:\/\/www.claeq.org.br\/#organization\"},\"potentialAction\":[{\"@type\":\"SearchAction\",\"target\":{\"@type\":\"EntryPoint\",\"urlTemplate\":\"https:\/\/www.claeq.org.br\/?s={search_term_string}\"},\"query-input\":{\"@type\":\"PropertyValueSpecification\",\"valueRequired\":true,\"valueName\":\"search_term_string\"}}],\"inLanguage\":\"es-ES\"},{\"@type\":\"Organization\",\"@id\":\"https:\/\/www.claeq.org.br\/#organization\",\"name\":\"CLAEQ\",\"url\":\"https:\/\/www.claeq.org.br\/\",\"logo\":{\"@type\":\"ImageObject\",\"inLanguage\":\"es-ES\",\"@id\":\"https:\/\/www.claeq.org.br\/#\/schema\/logo\/image\/\",\"url\":\"https:\/\/www.claeq.org.br\/site\/wp-content\/uploads\/2022\/05\/claeq-logo-cor.svg\",\"contentUrl\":\"https:\/\/www.claeq.org.br\/site\/wp-content\/uploads\/2022\/05\/claeq-logo-cor.svg\",\"width\":651,\"height\":206,\"caption\":\"CLAEQ\"},\"image\":{\"@id\":\"https:\/\/www.claeq.org.br\/#\/schema\/logo\/image\/\"}}]}<\/script>\n<!-- \/ Yoast SEO plugin. -->","yoast_head_json":{"title":"Productos - CLAEQ","robots":{"index":"index","follow":"follow","max-snippet":"max-snippet:-1","max-image-preview":"max-image-preview:large","max-video-preview":"max-video-preview:-1"},"canonical":"https:\/\/www.claeq.org.br\/es\/productos\/","og_locale":"es_ES","og_type":"article","og_title":"Productos - CLAEQ","og_description":"Productos_ Industria avanzada Es un Programa de diagn\u00f3stico y an\u00e1lisis del grado de madurez de las empresas en relaci\u00f3n con el concepto \u201cIndustria 4.0\u201d (el concepto de Industria 4.0 para nosotros), para estructurar un plan de acci\u00f3n que concilie la estrategia organizativa y el diagnostico, posibilitando el Ciclo de Progresi\u00f3n de forma continua y gradual. [&hellip;]","og_url":"https:\/\/www.claeq.org.br\/es\/productos\/","og_site_name":"CLAEQ","article_modified_time":"2022-11-18T18:40:06+00:00","og_image":[{"width":1500,"height":1000,"url":"https:\/\/www.claeq.org.br\/site\/wp-content\/uploads\/2022\/06\/blog2.jpg","type":"image\/jpeg"}],"twitter_card":"summary_large_image","twitter_misc":{"Est. reading time":"3 minutes"},"schema":{"@context":"https:\/\/schema.org","@graph":[{"@type":"WebPage","@id":"https:\/\/www.claeq.org.br\/es\/productos\/","url":"https:\/\/www.claeq.org.br\/es\/productos\/","name":"Productos - CLAEQ","isPartOf":{"@id":"https:\/\/www.claeq.org.br\/#website"},"primaryImageOfPage":{"@id":"https:\/\/www.claeq.org.br\/es\/productos\/#primaryimage"},"image":{"@id":"https:\/\/www.claeq.org.br\/es\/productos\/#primaryimage"},"thumbnailUrl":"https:\/\/www.claeq.org.br\/site\/wp-content\/uploads\/2022\/06\/blog2.jpg","datePublished":"2022-05-20T18:07:34+00:00","dateModified":"2022-11-18T18:40:06+00:00","breadcrumb":{"@id":"https:\/\/www.claeq.org.br\/es\/productos\/#breadcrumb"},"inLanguage":"es-ES","potentialAction":[{"@type":"ReadAction","target":["https:\/\/www.claeq.org.br\/es\/productos\/"]}]},{"@type":"ImageObject","inLanguage":"es-ES","@id":"https:\/\/www.claeq.org.br\/es\/productos\/#primaryimage","url":"https:\/\/www.claeq.org.br\/site\/wp-content\/uploads\/2022\/06\/blog2.jpg","contentUrl":"https:\/\/www.claeq.org.br\/site\/wp-content\/uploads\/2022\/06\/blog2.jpg","width":1500,"height":1000},{"@type":"BreadcrumbList","@id":"https:\/\/www.claeq.org.br\/es\/productos\/#breadcrumb","itemListElement":[{"@type":"ListItem","position":1,"name":"Home","item":"https:\/\/www.claeq.org.br\/"},{"@type":"ListItem","position":2,"name":"Productos"}]},{"@type":"WebSite","@id":"https:\/\/www.claeq.org.br\/#website","url":"https:\/\/www.claeq.org.br\/","name":"CLAEQ","description":"Centro Latino Americano para Inova\u00e7\u00e3o, Excel\u00eancia e Qualidade","publisher":{"@id":"https:\/\/www.claeq.org.br\/#organization"},"potentialAction":[{"@type":"SearchAction","target":{"@type":"EntryPoint","urlTemplate":"https:\/\/www.claeq.org.br\/?s={search_term_string}"},"query-input":{"@type":"PropertyValueSpecification","valueRequired":true,"valueName":"search_term_string"}}],"inLanguage":"es-ES"},{"@type":"Organization","@id":"https:\/\/www.claeq.org.br\/#organization","name":"CLAEQ","url":"https:\/\/www.claeq.org.br\/","logo":{"@type":"ImageObject","inLanguage":"es-ES","@id":"https:\/\/www.claeq.org.br\/#\/schema\/logo\/image\/","url":"https:\/\/www.claeq.org.br\/site\/wp-content\/uploads\/2022\/05\/claeq-logo-cor.svg","contentUrl":"https:\/\/www.claeq.org.br\/site\/wp-content\/uploads\/2022\/05\/claeq-logo-cor.svg","width":651,"height":206,"caption":"CLAEQ"},"image":{"@id":"https:\/\/www.claeq.org.br\/#\/schema\/logo\/image\/"}}]}},"_links":{"self":[{"href":"https:\/\/www.claeq.org.br\/es\/wp-json\/wp\/v2\/pages\/783","targetHints":{"allow":["GET"]}}],"collection":[{"href":"https:\/\/www.claeq.org.br\/es\/wp-json\/wp\/v2\/pages"}],"about":[{"href":"https:\/\/www.claeq.org.br\/es\/wp-json\/wp\/v2\/types\/page"}],"author":[{"embeddable":true,"href":"https:\/\/www.claeq.org.br\/es\/wp-json\/wp\/v2\/users\/1"}],"replies":[{"embeddable":true,"href":"https:\/\/www.claeq.org.br\/es\/wp-json\/wp\/v2\/comments?post=783"}],"version-history":[{"count":4,"href":"https:\/\/www.claeq.org.br\/es\/wp-json\/wp\/v2\/pages\/783\/revisions"}],"predecessor-version":[{"id":836,"href":"https:\/\/www.claeq.org.br\/es\/wp-json\/wp\/v2\/pages\/783\/revisions\/836"}],"wp:featuredmedia":[{"embeddable":true,"href":"https:\/\/www.claeq.org.br\/es\/wp-json\/wp\/v2\/media\/318"}],"wp:attachment":[{"href":"https:\/\/www.claeq.org.br\/es\/wp-json\/wp\/v2\/media?parent=783"}],"curies":[{"name":"wp","href":"https:\/\/api.w.org\/{rel}","templated":true}]}}